{"id":4284,"date":"2025-06-19T16:08:03","date_gmt":"2025-06-19T16:08:03","guid":{"rendered":"https:\/\/estudioarquitecturajerez.com\/politica-de-cookies-3\/"},"modified":"2025-12-24T10:31:57","modified_gmt":"2025-12-24T10:31:57","slug":"estudio","status":"publish","type":"page","link":"https:\/\/estudioarquitecturajerez.com\/eng\/estudio\/","title":{"rendered":"Estudy"},"content":{"rendered":"<div id=\"fws_6a05b5d7708d6\"  data-column-margin=\"default\" data-midnight=\"dark\"  class=\"wpb_row vc_row-fluid vc_row\"  style=\"padding-top: 0px; padding-bottom: 0px; \"><div class=\"row-bg-wrap\" data-bg-animation=\"none\" data-bg-animation-delay=\"\" data-bg-overlay=\"false\"><div class=\"inner-wrap row-bg-layer\" ><div class=\"row-bg viewport-desktop\"  style=\"\"><\/div><\/div><\/div><div class=\"row_col_wrap_12 col span_12 dark left\">\n\t<div  class=\"vc_col-sm-12 wpb_column column_container vc_column_container col no-extra-padding inherit_tablet inherit_phone\"  data-padding-pos=\"all\" data-has-bg-color=\"false\" data-bg-color=\"\" data-bg-opacity=\"1\" data-animation=\"\" data-delay=\"0\" >\n\t\t<div class=\"vc_column-inner\" >\n\t\t\t<div class=\"wpb_wrapper\">\n\t\t\t\t<div class=\"divider-wrap\" data-alignment=\"default\"><div style=\"height: 25px;\" class=\"divider\"><\/div><\/div>\n\t\t\t<\/div> \n\t\t<\/div>\n\t<\/div> \n<\/div><\/div>\n\t\t<div id=\"fws_6a05b5d771c89\"  data-column-margin=\"default\" data-midnight=\"dark\"  class=\"wpb_row vc_row-fluid vc_row\"  style=\"padding-top: 0px; padding-bottom: 0px; \"><div class=\"row-bg-wrap\" data-bg-animation=\"none\" data-bg-animation-delay=\"\" data-bg-overlay=\"false\"><div class=\"inner-wrap row-bg-layer\" ><div class=\"row-bg viewport-desktop\"  style=\"\"><\/div><\/div><\/div><div class=\"row_col_wrap_12 col span_12 dark left\">\n\t<div  class=\"vc_col-sm-3 wpb_column column_container vc_column_container col no-extra-padding inherit_tablet inherit_phone\"  data-padding-pos=\"all\" data-has-bg-color=\"false\" data-bg-color=\"\" data-bg-opacity=\"1\" data-animation=\"\" data-delay=\"0\" >\n\t\t<div class=\"vc_column-inner\" >\n\t\t\t<div class=\"wpb_wrapper\">\n\t\t\t\t\n\t\t\t<\/div> \n\t\t<\/div>\n\t<\/div> \n\n\t<div  class=\"vc_col-sm-6 wpb_column column_container vc_column_container col no-extra-padding inherit_tablet inherit_phone\"  data-padding-pos=\"all\" data-has-bg-color=\"false\" data-bg-color=\"\" data-bg-opacity=\"1\" data-animation=\"\" data-delay=\"0\" >\n\t\t<div class=\"vc_column-inner\" >\n\t\t\t<div class=\"wpb_wrapper\">\n\t\t\t\t\n<div class=\"wpb_text_column wpb_content_element\" >\n\t<div class=\"wpb_wrapper\">\n\t\t<h4>JUAN MANUEL LUNA,\u00a0 ARQUITECTO<\/h4>\n\t<\/div>\n<\/div>\n\n\n\n\n<div class=\"wpb_text_column wpb_content_element\" >\n\t<div class=\"wpb_wrapper\">\n\t\t<p align=\"justify\"><span style=\"font-family: Times New Roman, serif;\"><span style=\"font-size: medium;\"><span style=\"color: #000000;\"><span style=\"font-family: Calibri, sans-serif;\"><span lang=\"es-ES-u-co-trad\"><b>El estudio de arquitectura de Juan Manuel Luna<\/b><\/span><\/span><\/span><span style=\"color: #000000;\"><span style=\"font-family: Calibri, sans-serif;\"><span lang=\"es-ES-u-co-trad\">\u00a0<\/span><\/span><\/span><span style=\"color: #000000;\"><span style=\"font-family: Calibri, sans-serif;\"><span lang=\"es-ES-u-co-trad\">es una oficina t\u00e9cnica situada en Jerez de la Frontera que opera en la totalidad del territorio nacional, principalmente en la provincia de C\u00e1diz, un equipo multidisciplinar, formado por arquitectos, ingenieros y arquitectos t\u00e9cnicos, especializados en las diferentes ramas de la construcci\u00f3n, <\/span><\/span><\/span><strong><span style=\"color: #000000;\"><span style=\"font-family: Calibri, sans-serif;\"><span lang=\"es-ES-u-co-trad\">consolidan la trayectoria de casi 20 a\u00f1os de Juan Manuel Luna, titulado en la Escuela de Arquitectura de Sevilla.<\/span><\/span><\/span><\/strong><\/span><\/span><\/p>\n<p align=\"justify\"><span style=\"font-family: Times New Roman, serif;\"><span style=\"font-size: medium;\"><span style=\"color: #000000;\"><span style=\"font-family: Calibri, sans-serif;\"><span lang=\"es-ES-u-co-trad\"><b>El estudio de arquitectura de Juan Manuel Luna <\/b><\/span><\/span><\/span><span style=\"color: #000000;\"><span style=\"font-family: Calibri, sans-serif;\"><span lang=\"es-ES-u-co-trad\">es una aventura iniciada con la intenci\u00f3n de facilitar y servir a la sociedad, nuestro lema es que somos la herramienta con la que el cliente alcanza su objetivo. <\/span><\/span><\/span><span style=\"color: #000000;\"><span style=\"font-family: Calibri, sans-serif;\"><span lang=\"es-ES-u-co-trad\"><b>Con <\/b><\/span><\/span><\/span><strong><span style=\"color: #000000;\"><span style=\"font-family: Calibri, sans-serif;\"><span lang=\"es-ES-u-co-trad\">un m\u00e9todo de trabajo acorde con unos tiempos que se definen por la innovaci\u00f3n tecnol\u00f3gica continua, utilizamos las ultimas herramientas, poniendo en valor el talento, la confianza y la seriedad necesarias, en un ambiente donde la colaboraci\u00f3n en el trabajo facilita las metas del d\u00eda a d\u00eda<\/span><\/span><\/span><\/strong><span style=\"color: #000000;\"><span style=\"font-family: Calibri, sans-serif;\"><span lang=\"es-ES-u-co-trad\">. <\/span><\/span><\/span><\/span><\/span><\/p>\n<p align=\"justify\"><span style=\"font-family: Times New Roman, serif;\"><span style=\"font-size: medium;\"><span style=\"color: #000000;\"><span style=\"font-family: Calibri, sans-serif;\"><span lang=\"es-ES-u-co-trad\">Fieles a nuestra trayectoria,<\/span><\/span><\/span><span style=\"color: #000000;\"><span style=\"font-family: Calibri, sans-serif;\"><span lang=\"es-ES-u-co-trad\">\u00a0<\/span><\/span><\/span><span style=\"color: #000000;\"><span style=\"font-family: Calibri, sans-serif;\"><span lang=\"es-ES-u-co-trad\"><b>el estudio de arquitectura de Juan Manuel Luna<\/b><\/span><\/span><\/span><span style=\"color: #000000;\"><span style=\"font-family: Calibri, sans-serif;\"><span lang=\"es-ES-u-co-trad\"><b>\u00a0<\/b><\/span><\/span><\/span><strong><span style=\"color: #000000;\"><span style=\"font-family: Calibri, sans-serif;\"><span lang=\"es-ES-u-co-trad\">sigue una pol\u00edtica de trabajo constante, con especial seguimiento de los tramites ante los organismos p\u00fablicos, donde la base para la obtenci\u00f3n de encargos de peque\u00f1o, mediano y gran tama\u00f1o es la gran experiencia y la satisfacci\u00f3n de los trabajos llevados a cabo.<\/span><\/span><\/span><\/strong><span style=\"color: #000000;\"><span style=\"font-family: Calibri, sans-serif;\"><span lang=\"es-ES-u-co-trad\">\u00a0<\/span><\/span><\/span><\/span><\/span><\/p>\n<p align=\"justify\"><span style=\"font-family: Times New Roman, serif;\"><span style=\"font-size: medium;\"><span style=\"color: #000000;\"><span style=\"font-family: Calibri, sans-serif;\"><span lang=\"es-ES-u-co-trad\">En la oficina de arquitectura de<\/span><\/span><\/span><span style=\"color: #000000;\"><span style=\"font-family: Calibri, sans-serif;\"><span lang=\"es-ES-u-co-trad\"><b> Juan Manuel Luna <\/b><\/span><\/span><\/span><span style=\"color: #000000;\"><span style=\"font-family: Calibri, sans-serif;\"><span lang=\"es-ES-u-co-trad\">nos dedicamos a redactar proyectos de obra, proyectos de adecuaci\u00f3n de locales, documentaci\u00f3n para aperturas, realizamos tasaciones, informes periciales, certificados energ\u00e9ticos, proyectos de segregaci\u00f3n de parcelas, dise\u00f1os de interiores, y todo aquello que pueda necesitar de nuestra experiencia.<\/span><\/span><\/span><\/span><\/span><\/p>\n<p align=\"justify\"><span style=\"font-family: Times New Roman, serif;\"><span style=\"font-size: medium;\"><span style=\"color: #000000;\"><span style=\"font-family: Calibri, sans-serif;\"><span lang=\"es-ES-u-co-trad\">A nivel personal, <\/span><\/span><\/span><span style=\"color: #000000;\"><span style=\"font-family: Calibri, sans-serif;\"><span lang=\"es-ES-u-co-trad\"><b>Juan Manuel Luna, <\/b><\/span><\/span><\/span><span style=\"color: #000000;\"><span style=\"font-family: Calibri, sans-serif;\"><span lang=\"es-ES-u-co-trad\">vive para la arquitectura, aunque tambi\u00e9n<\/span><\/span><\/span><b> <\/b><span style=\"color: #000000;\"><span style=\"font-family: Calibri, sans-serif;\"><span lang=\"es-ES-u-co-trad\">gusta del dibujo, del dise\u00f1o, y todo lo que tenga relaci\u00f3n con las artes pl\u00e1sticas y visuales. Para finalizar, <\/span><\/span><\/span><span style=\"color: #000000;\"><span style=\"font-family: Calibri, sans-serif;\"><span lang=\"es-ES-u-co-trad\"><b>valoro antes que nada, que el cliente quede satisfecho<\/b><\/span><\/span><\/span><span style=\"color: #000000;\"><span style=\"font-family: Calibri, sans-serif;\"><span lang=\"es-ES-u-co-trad\">, cuidando especialmente el trato respetuoso y amistoso.<\/span><\/span><\/span><\/span><\/span><\/p>\n<p align=\"justify\"><span style=\"font-family: Calibri, sans-serif;\"><span style=\"font-size: medium;\"><span style=\"color: #000000;\"><span lang=\"es-ES-u-co-trad\">The architectural firm of Juan Manuel Luna is a technical office in Jerez de la Frontera operating in the entire country, mainly in the province of Cadiz, a multidisciplinary team consisting of architects, engineers and technical architects, specialized in different branches of construction, strengthen the experience of almost 20 years of Juan Manuel Luna, he graduated from the School of Architecture of Seville.<\/span><\/span><\/span><\/span><\/p>\n<p align=\"justify\"><span style=\"font-family: Calibri, sans-serif;\"><span style=\"font-size: medium;\"><span style=\"color: #000000;\"><span lang=\"es-ES-u-co-trad\">The architectural firm of Juan Manuel Luna is an adventure that began with the intention of facilitating and serving society, our motto is that we are the tool with which the client reaches its objective. With a working method according to a time defined by the continuous technological innovation, we use the latest tools, placing value on talent, confidence and reliability necessary in an environment where collaborative work facilitates the goals of the day a day.<\/span><\/span><\/span><\/span><\/p>\n<p align=\"justify\"><span style=\"font-family: Calibri, sans-serif;\"><span style=\"font-size: medium;\"><span style=\"color: #000000;\"><span lang=\"es-ES-u-co-trad\">Faithful to our history, the architectural firm of Juan Manuel Luna has a policy of constant work, with special monitoring procedures before public bodies, where the basis for obtaining orders for small, medium and large is the great experience and satisfaction of the work carried out.<\/span><\/span><\/span><\/span><\/p>\n<p align=\"justify\"><span style=\"font-family: Calibri, sans-serif;\"><span style=\"font-size: medium;\"><span style=\"color: #000000;\"><span lang=\"es-ES-u-co-trad\">In the architectural office of Juan Manuel Luna we are dedicated to drafting construction projects, local adaptation projects, documentation for openings, perform appraisals, expert reports, energy certificates, plots segregation projects, interior design, and all that You might need from our experience.<\/span><\/span><\/span><\/span><\/p>\n<p align=\"justify\"><span style=\"font-family: Calibri, sans-serif;\"><span style=\"font-size: medium;\"><span style=\"color: #000000;\"><span lang=\"es-ES-u-co-trad\">Personally, Juan Manuel Luna, live architecture, but also like drawing, design, and everything that is related to the visual arts. Finally, I appreciate first of all, that the customer is satisfied, especially caring respectful and friendly treatment.<\/span><\/span><\/span><\/span><\/p>\n\t<\/div>\n<\/div>\n\n\n\n<div class=\"divider-wrap\" data-alignment=\"default\"><div style=\"height: 50px;\" class=\"divider\"><\/div><\/div>\n\t\t\t<\/div> \n\t\t<\/div>\n\t<\/div> \n\n\t<div  class=\"vc_col-sm-3 wpb_column column_container vc_column_container col no-extra-padding inherit_tablet inherit_phone\"  data-padding-pos=\"all\" data-has-bg-color=\"false\" data-bg-color=\"\" data-bg-opacity=\"1\" data-animation=\"\" data-delay=\"0\" >\n\t\t<div class=\"vc_column-inner\" >\n\t\t\t<div class=\"wpb_wrapper\">\n\t\t\t\t\n\t\t\t<\/div> \n\t\t<\/div>\n\t<\/div> \n<\/div><\/div>\n\t\t<div id=\"fws_6a05b5d773b40\"  data-column-margin=\"default\" data-midnight=\"dark\"  class=\"wpb_row vc_row-fluid vc_row\"  style=\"padding-top: 0px; padding-bottom: 0px; \"><div class=\"row-bg-wrap\" data-bg-animation=\"none\" data-bg-animation-delay=\"\" data-bg-overlay=\"false\"><div class=\"inner-wrap row-bg-layer\" ><div class=\"row-bg viewport-desktop\"  style=\"\"><\/div><\/div><\/div><div class=\"row_col_wrap_12 col span_12 dark left\">\n\t<div  class=\"vc_col-sm-8 wpb_column column_container vc_column_container col no-extra-padding inherit_tablet inherit_phone\"  data-padding-pos=\"all\" data-has-bg-color=\"false\" data-bg-color=\"\" data-bg-opacity=\"1\" data-animation=\"\" data-delay=\"0\" >\n\t\t<div class=\"vc_column-inner\" >\n\t\t\t<div class=\"wpb_wrapper\">\n\t\t\t\t\n\t\t\t<\/div> \n\t\t<\/div>\n\t<\/div> \n\n\t<div  class=\"vc_col-sm-2 wpb_column column_container vc_column_container col no-extra-padding inherit_tablet inherit_phone\"  data-padding-pos=\"all\" data-has-bg-color=\"false\" data-bg-color=\"\" data-bg-opacity=\"1\" data-animation=\"\" data-delay=\"0\" >\n\t\t<div class=\"vc_column-inner\" >\n\t\t\t<div class=\"wpb_wrapper\">\n\t\t\t\t<div class=\"img-with-aniamtion-wrap\" data-max-width=\"100%\" data-max-width-mobile=\"default\" data-shadow=\"none\" data-animation=\"none\" >\n      <div class=\"inner\">\n        <div class=\"hover-wrap\"> \n          <div class=\"hover-wrap-inner\">\n            <img loading=\"lazy\" decoding=\"async\" class=\"img-with-animation skip-lazy\" data-delay=\"0\" height=\"392\" width=\"537\" data-animation=\"none\" src=\"https:\/\/estudioarquitecturajerez.com\/wp-content\/uploads\/2025\/12\/LOGO.jpg\" alt=\"\" srcset=\"https:\/\/estudioarquitecturajerez.com\/wp-content\/uploads\/2025\/12\/LOGO.jpg 537w, https:\/\/estudioarquitecturajerez.com\/wp-content\/uploads\/2025\/12\/LOGO-300x219.jpg 300w, https:\/\/estudioarquitecturajerez.com\/wp-content\/uploads\/2025\/12\/LOGO-16x12.jpg 16w\" sizes=\"auto, (max-width: 537px) 100vw, 537px\" \/>\n          <\/div>\n        <\/div>\n      <\/div>\n    <\/div>\n\t\t\t<\/div> \n\t\t<\/div>\n\t<\/div> \n<\/div><\/div>","protected":false},"excerpt":{"rendered":"JUAN MANUEL LUNA,\u00a0 ARQUITECTO El estudio de arquitectura de Juan Manuel Luna\u00a0es una oficina t\u00e9cnica situada en Jerez de la Frontera que opera en la totalidad del territorio nacional, principalmente...","protected":false},"author":1,"featured_media":0,"parent":0,"menu_order":0,"comment_status":"closed","ping_status":"closed","template":"","meta":{"footnotes":""},"class_list":["post-4284","page","type-page","status-publish"],"_links":{"self":[{"href":"https:\/\/estudioarquitecturajerez.com\/eng\/wp-json\/wp\/v2\/pages\/4284","targetHints":{"allow":["GET"]}}],"collection":[{"href":"https:\/\/estudioarquitecturajerez.com\/eng\/wp-json\/wp\/v2\/pages"}],"about":[{"href":"https:\/\/estudioarquitecturajerez.com\/eng\/wp-json\/wp\/v2\/types\/page"}],"author":[{"embeddable":true,"href":"https:\/\/estudioarquitecturajerez.com\/eng\/wp-json\/wp\/v2\/users\/1"}],"replies":[{"embeddable":true,"href":"https:\/\/estudioarquitecturajerez.com\/eng\/wp-json\/wp\/v2\/comments?post=4284"}],"version-history":[{"count":21,"href":"https:\/\/estudioarquitecturajerez.com\/eng\/wp-json\/wp\/v2\/pages\/4284\/revisions"}],"predecessor-version":[{"id":4982,"href":"https:\/\/estudioarquitecturajerez.com\/eng\/wp-json\/wp\/v2\/pages\/4284\/revisions\/4982"}],"wp:attachment":[{"href":"https:\/\/estudioarquitecturajerez.com\/eng\/wp-json\/wp\/v2\/media?parent=4284"}],"curies":[{"name":"wp","href":"https:\/\/api.w.org\/{rel}","templated":true}]}}